{"id":98,"date":"2026-04-11T11:31:01","date_gmt":"2026-04-11T11:31:01","guid":{"rendered":"https:\/\/beatinicaffe.com\/?post_type=product&#038;p=98"},"modified":"2026-04-11T11:45:14","modified_gmt":"2026-04-11T11:45:14","slug":"rooibos-earl-grey","status":"publish","type":"product","link":"https:\/\/beatinicaffe.com\/en\/product\/rooibos-earl-grey\/","title":{"rendered":"Rooibos Earl Grey"},"content":{"rendered":"<h1 class=\"hero-title-default\">Rooibos Earl Grey<\/h1>\n<div class=\"heading__subtitle mt-m\">\n<p>La d\u00e9licieuse saveur fruit\u00e9e de la bergamote est ici m\u00eal\u00e9e aux notes naturellement douces, bois\u00e9es et presque miell\u00e9es du rooibos d\u2019Afrique du Sud. Une autre fa\u00e7on de savourer un grand classique jusqu\u2019aux heures les plus tardives de la journ\u00e9e.<\/p>\n<\/div>","protected":false},"excerpt":{"rendered":"<p>Rooibos Earl Grey La d\u00e9licieuse saveur fruit\u00e9e de la bergamote est ici m\u00eal\u00e9e aux notes naturellement douces, bois\u00e9es et presque miell\u00e9es du rooibos d\u2019Afrique du Sud. Une autre fa\u00e7on de savourer un grand classique jusqu\u2019aux heures les plus tardives de la journ\u00e9e.<\/p>","protected":false},"featured_media":106,"comment_status":"open","ping_status":"closed","template":"","meta":{"_acf_changed":false},"product_brand":[],"product_cat":[23],"product_tag":[],"class_list":{"0":"post-98","1":"product","2":"type-product","3":"status-publish","4":"has-post-thumbnail","6":"product_cat-rooibos","8":"first","9":"instock","10":"shipping-taxable","11":"purchasable","12":"product-type-simple"},"acf":[],"jetpack_sharing_enabled":true,"_links":{"self":[{"href":"https:\/\/beatinicaffe.com\/en\/wp-json\/wp\/v2\/product\/98","targetHints":{"allow":["GET"]}}],"collection":[{"href":"https:\/\/beatinicaffe.com\/en\/wp-json\/wp\/v2\/product"}],"about":[{"href":"https:\/\/beatinicaffe.com\/en\/wp-json\/wp\/v2\/types\/product"}],"replies":[{"embeddable":true,"href":"https:\/\/beatinicaffe.com\/en\/wp-json\/wp\/v2\/comments?post=98"}],"wp:featuredmedia":[{"embeddable":true,"href":"https:\/\/beatinicaffe.com\/en\/wp-json\/wp\/v2\/media\/106"}],"wp:attachment":[{"href":"https:\/\/beatinicaffe.com\/en\/wp-json\/wp\/v2\/media?parent=98"}],"wp:term":[{"taxonomy":"product_brand","embeddable":true,"href":"https:\/\/beatinicaffe.com\/en\/wp-json\/wp\/v2\/product_brand?post=98"},{"taxonomy":"product_cat","embeddable":true,"href":"https:\/\/beatinicaffe.com\/en\/wp-json\/wp\/v2\/product_cat?post=98"},{"taxonomy":"product_tag","embeddable":true,"href":"https:\/\/beatinicaffe.com\/en\/wp-json\/wp\/v2\/product_tag?post=98"}],"curies":[{"name":"wp","href":"https:\/\/api.w.org\/{rel}","templated":true}]}}