{"id":95,"date":"2026-04-11T11:30:51","date_gmt":"2026-04-11T11:30:51","guid":{"rendered":"https:\/\/beatinicaffe.com\/?post_type=product&#038;p=95"},"modified":"2026-04-11T11:39:45","modified_gmt":"2026-04-11T11:39:45","slug":"rooibos-cederberg","status":"publish","type":"product","link":"https:\/\/beatinicaffe.com\/en\/product\/rooibos-cederberg\/","title":{"rendered":"Rooibos Cederberg"},"content":{"rendered":"<h1 class=\"hero-title-default\">Rooibos Cha\u00ef<\/h1>\n<div class=\"heading__subtitle mt-m\">\n<p>\u00c0 la mani\u00e8re d\u2019un cha\u00ef, le rooibos est ici associ\u00e9e \u00e0 un bouquet d\u2019\u00e9pices. La rondeur naturelle du rooibos s\u2019accommode agr\u00e9ablement des saveurs bois\u00e9es, poivr\u00e9es et fleuries des \u00e9pices pour offrir une tasse velout\u00e9e et d\u00e9licieusement parfum\u00e9e.<\/p>\n<\/div>","protected":false},"excerpt":{"rendered":"<p>Rooibos Cha\u00ef \u00c0 la mani\u00e8re d\u2019un cha\u00ef, le rooibos est ici associ\u00e9e \u00e0 un bouquet d\u2019\u00e9pices. La rondeur naturelle du rooibos s\u2019accommode agr\u00e9ablement des saveurs bois\u00e9es, poivr\u00e9es et fleuries des \u00e9pices pour offrir une tasse velout\u00e9e et d\u00e9licieusement parfum\u00e9e.<\/p>","protected":false},"featured_media":102,"comment_status":"open","ping_status":"closed","template":"","meta":{"_acf_changed":false},"product_brand":[],"product_cat":[23],"product_tag":[],"class_list":{"0":"post-95","1":"product","2":"type-product","3":"status-publish","4":"has-post-thumbnail","6":"product_cat-rooibos","8":"first","9":"instock","10":"shipping-taxable","11":"purchasable","12":"product-type-simple"},"acf":[],"jetpack_sharing_enabled":true,"_links":{"self":[{"href":"https:\/\/beatinicaffe.com\/en\/wp-json\/wp\/v2\/product\/95","targetHints":{"allow":["GET"]}}],"collection":[{"href":"https:\/\/beatinicaffe.com\/en\/wp-json\/wp\/v2\/product"}],"about":[{"href":"https:\/\/beatinicaffe.com\/en\/wp-json\/wp\/v2\/types\/product"}],"replies":[{"embeddable":true,"href":"https:\/\/beatinicaffe.com\/en\/wp-json\/wp\/v2\/comments?post=95"}],"wp:featuredmedia":[{"embeddable":true,"href":"https:\/\/beatinicaffe.com\/en\/wp-json\/wp\/v2\/media\/102"}],"wp:attachment":[{"href":"https:\/\/beatinicaffe.com\/en\/wp-json\/wp\/v2\/media?parent=95"}],"wp:term":[{"taxonomy":"product_brand","embeddable":true,"href":"https:\/\/beatinicaffe.com\/en\/wp-json\/wp\/v2\/product_brand?post=95"},{"taxonomy":"product_cat","embeddable":true,"href":"https:\/\/beatinicaffe.com\/en\/wp-json\/wp\/v2\/product_cat?post=95"},{"taxonomy":"product_tag","embeddable":true,"href":"https:\/\/beatinicaffe.com\/en\/wp-json\/wp\/v2\/product_tag?post=95"}],"curies":[{"name":"wp","href":"https:\/\/api.w.org\/{rel}","templated":true}]}}