{"id":94,"date":"2026-04-11T11:29:35","date_gmt":"2026-04-11T11:29:35","guid":{"rendered":"https:\/\/beatinicaffe.com\/?post_type=product&#038;p=94"},"modified":"2026-04-11T11:42:51","modified_gmt":"2026-04-11T11:42:51","slug":"rooibos-my-madeleine","status":"publish","type":"product","link":"https:\/\/beatinicaffe.com\/en\/product\/rooibos-my-madeleine\/","title":{"rendered":"Rooibos My Madeleine"},"content":{"rendered":"<h1 class=\"hero-title-default\">Rooibos My madeleine<\/h1>\n<div class=\"heading__subtitle mt-m\">\n<p>Superbe couleur cuivr\u00e9e pour cette infusion de rooibos \u00e0 la d\u00e9licieuse saveur qui \u00e9voque le c\u00e9l\u00e8bre g\u00e2teau traditionnel \u00e0 l\u2019amusante forme de coquillage allong\u00e9. Une tasse aux notes gourmandes et discr\u00e8tes d\u2019amande, l\u00e9g\u00e8rement beurr\u00e9es et soulign\u00e9es d\u2019un trait rafra\u00eechissant de citron.<\/p>\n<\/div>","protected":false},"excerpt":{"rendered":"<p>Rooibos | Vanille, Citron, Amande<\/p>","protected":false},"featured_media":100,"comment_status":"open","ping_status":"closed","template":"","meta":{"_acf_changed":false},"product_brand":[],"product_cat":[23],"product_tag":[],"class_list":{"0":"post-94","1":"product","2":"type-product","3":"status-publish","4":"has-post-thumbnail","6":"product_cat-rooibos","8":"first","9":"instock","10":"shipping-taxable","11":"purchasable","12":"product-type-simple"},"acf":[],"jetpack_sharing_enabled":true,"_links":{"self":[{"href":"https:\/\/beatinicaffe.com\/en\/wp-json\/wp\/v2\/product\/94","targetHints":{"allow":["GET"]}}],"collection":[{"href":"https:\/\/beatinicaffe.com\/en\/wp-json\/wp\/v2\/product"}],"about":[{"href":"https:\/\/beatinicaffe.com\/en\/wp-json\/wp\/v2\/types\/product"}],"replies":[{"embeddable":true,"href":"https:\/\/beatinicaffe.com\/en\/wp-json\/wp\/v2\/comments?post=94"}],"wp:featuredmedia":[{"embeddable":true,"href":"https:\/\/beatinicaffe.com\/en\/wp-json\/wp\/v2\/media\/100"}],"wp:attachment":[{"href":"https:\/\/beatinicaffe.com\/en\/wp-json\/wp\/v2\/media?parent=94"}],"wp:term":[{"taxonomy":"product_brand","embeddable":true,"href":"https:\/\/beatinicaffe.com\/en\/wp-json\/wp\/v2\/product_brand?post=94"},{"taxonomy":"product_cat","embeddable":true,"href":"https:\/\/beatinicaffe.com\/en\/wp-json\/wp\/v2\/product_cat?post=94"},{"taxonomy":"product_tag","embeddable":true,"href":"https:\/\/beatinicaffe.com\/en\/wp-json\/wp\/v2\/product_tag?post=94"}],"curies":[{"name":"wp","href":"https:\/\/api.w.org\/{rel}","templated":true}]}}