{"id":93,"date":"2026-04-11T11:27:38","date_gmt":"2026-04-11T11:27:38","guid":{"rendered":"https:\/\/beatinicaffe.com\/?post_type=product&#038;p=93"},"modified":"2026-04-11T11:38:11","modified_gmt":"2026-04-11T11:38:11","slug":"camomille-sauge","status":"publish","type":"product","link":"https:\/\/beatinicaffe.com\/en\/product\/camomille-sauge\/","title":{"rendered":"Camomille sauge"},"content":{"rendered":"<h1 class=\"hero-title-default\">Tisane &#8211; Camomille sauge<\/h1>\n<div class=\"heading__subtitle mt-m\">\n<p>Deux merveilleuses plantes associ\u00e9es dans une infusion qui m\u00eale subtilement les notes fruit\u00e9es et miell\u00e9es de la camomille \u00e0 la saveur finement camphr\u00e9e et \u00e9pic\u00e9e de la sauge. Une infusion \u00e9tonnante et originale \u00e0 la fois fra\u00eeche et cors\u00e9e.<\/p>\n<\/div>","protected":false},"excerpt":{"rendered":"<p>Tisane | Camomille, Sauge, Gingembre<\/p>","protected":false},"featured_media":99,"comment_status":"open","ping_status":"closed","template":"","meta":{"_acf_changed":false},"product_brand":[],"product_cat":[22],"product_tag":[],"class_list":{"0":"post-93","1":"product","2":"type-product","3":"status-publish","4":"has-post-thumbnail","6":"product_cat-infusions","8":"first","9":"instock","10":"shipping-taxable","11":"purchasable","12":"product-type-simple"},"acf":[],"jetpack_sharing_enabled":true,"_links":{"self":[{"href":"https:\/\/beatinicaffe.com\/en\/wp-json\/wp\/v2\/product\/93","targetHints":{"allow":["GET"]}}],"collection":[{"href":"https:\/\/beatinicaffe.com\/en\/wp-json\/wp\/v2\/product"}],"about":[{"href":"https:\/\/beatinicaffe.com\/en\/wp-json\/wp\/v2\/types\/product"}],"replies":[{"embeddable":true,"href":"https:\/\/beatinicaffe.com\/en\/wp-json\/wp\/v2\/comments?post=93"}],"wp:featuredmedia":[{"embeddable":true,"href":"https:\/\/beatinicaffe.com\/en\/wp-json\/wp\/v2\/media\/99"}],"wp:attachment":[{"href":"https:\/\/beatinicaffe.com\/en\/wp-json\/wp\/v2\/media?parent=93"}],"wp:term":[{"taxonomy":"product_brand","embeddable":true,"href":"https:\/\/beatinicaffe.com\/en\/wp-json\/wp\/v2\/product_brand?post=93"},{"taxonomy":"product_cat","embeddable":true,"href":"https:\/\/beatinicaffe.com\/en\/wp-json\/wp\/v2\/product_cat?post=93"},{"taxonomy":"product_tag","embeddable":true,"href":"https:\/\/beatinicaffe.com\/en\/wp-json\/wp\/v2\/product_tag?post=93"}],"curies":[{"name":"wp","href":"https:\/\/api.w.org\/{rel}","templated":true}]}}