{"id":92,"date":"2026-04-11T11:27:20","date_gmt":"2026-04-11T11:27:20","guid":{"rendered":"https:\/\/beatinicaffe.com\/?post_type=product&#038;p=92"},"modified":"2026-04-11T11:37:56","modified_gmt":"2026-04-11T11:37:56","slug":"hibiscus","status":"publish","type":"product","link":"https:\/\/beatinicaffe.com\/en\/product\/hibiscus\/","title":{"rendered":"Hibiscus"},"content":{"rendered":"<div class=\"text-center color-light\">\n<h1 class=\"hero-title-default\">Carcadet &#8211; Hibiscus<\/h1>\n<div class=\"heading__subtitle mt-m\">\n<p>L\u2019hibicus sabdariffa, appel\u00e9 \u00ab\u00a0Oseille de Guin\u00e9e\u00a0\u00bb mais \u00e9galement connu sous le nom de bissap ou de carcadet sert \u00e0 pr\u00e9parer la boisson \u00ab\u00a0star\u00a0\u00bb de l&rsquo;Afrique de l&rsquo;Ouest. Sa belle liqueur \u00e9carlate d\u00e9veloppe \u00e0 l\u2019infusion une saveur acidul\u00e9e et rafra\u00eechissante que l\u2019on peut volontiers associer \u00e0 de la menthe ou du gingembre frais.<\/p>\n<\/div>\n<\/div>\n<div class=\"row center-xxs middle-xxs mt-mm\">\n<div class=\"product__infos__img xxs12 md6\"><\/div>\n<\/div>","protected":false},"excerpt":{"rendered":"<p>Carcadet | Hibiscus<\/p>","protected":false},"featured_media":83,"comment_status":"open","ping_status":"closed","template":"","meta":{"_acf_changed":false},"product_brand":[],"product_cat":[22],"product_tag":[],"class_list":{"0":"post-92","1":"product","2":"type-product","3":"status-publish","4":"has-post-thumbnail","6":"product_cat-infusions","8":"first","9":"instock","10":"shipping-taxable","11":"purchasable","12":"product-type-simple"},"acf":[],"jetpack_sharing_enabled":true,"_links":{"self":[{"href":"https:\/\/beatinicaffe.com\/en\/wp-json\/wp\/v2\/product\/92","targetHints":{"allow":["GET"]}}],"collection":[{"href":"https:\/\/beatinicaffe.com\/en\/wp-json\/wp\/v2\/product"}],"about":[{"href":"https:\/\/beatinicaffe.com\/en\/wp-json\/wp\/v2\/types\/product"}],"replies":[{"embeddable":true,"href":"https:\/\/beatinicaffe.com\/en\/wp-json\/wp\/v2\/comments?post=92"}],"wp:featuredmedia":[{"embeddable":true,"href":"https:\/\/beatinicaffe.com\/en\/wp-json\/wp\/v2\/media\/83"}],"wp:attachment":[{"href":"https:\/\/beatinicaffe.com\/en\/wp-json\/wp\/v2\/media?parent=92"}],"wp:term":[{"taxonomy":"product_brand","embeddable":true,"href":"https:\/\/beatinicaffe.com\/en\/wp-json\/wp\/v2\/product_brand?post=92"},{"taxonomy":"product_cat","embeddable":true,"href":"https:\/\/beatinicaffe.com\/en\/wp-json\/wp\/v2\/product_cat?post=92"},{"taxonomy":"product_tag","embeddable":true,"href":"https:\/\/beatinicaffe.com\/en\/wp-json\/wp\/v2\/product_tag?post=92"}],"curies":[{"name":"wp","href":"https:\/\/api.w.org\/{rel}","templated":true}]}}