{"id":90,"date":"2026-04-11T11:01:07","date_gmt":"2026-04-11T11:01:07","guid":{"rendered":"https:\/\/beatinicaffe.com\/?post_type=product&#038;p=90"},"modified":"2026-04-11T12:01:00","modified_gmt":"2026-04-11T12:01:00","slug":"tisane-des-merveilles","status":"publish","type":"product","link":"https:\/\/beatinicaffe.com\/en\/product\/tisane-des-merveilles\/","title":{"rendered":"Tisane des Merveilles"},"content":{"rendered":"<h1 class=\"hero-title-default\">Tisane des Merveilles<\/h1>\n<div class=\"heading__subtitle mt-m\">\n<p>V\u00e9ritable plaisir au regard, la tisane des Merveilles se r\u00e9v\u00e8le dans la tasse comme une boisson savoureuse, d\u00e9licate et subtilement parfum\u00e9e. En un mot, une vraie merveille ! Douce et merveilleusement fruit\u00e9e, une tisane associant verveine et tilleul aux ar\u00f4mes de rhubarbe, framboise, fraise, datte, fleur d\u2019oranger et rose.<\/p>\n<\/div>","protected":false},"excerpt":{"rendered":"<p>Tisane | Rhubarbe, Framboise, Fraise, Datte, Fleur d&rsquo;oranger, Rose<\/p>","protected":false},"featured_media":91,"comment_status":"open","ping_status":"closed","template":"","meta":{"_acf_changed":false},"product_brand":[],"product_cat":[22],"product_tag":[],"class_list":{"0":"post-90","1":"product","2":"type-product","3":"status-publish","4":"has-post-thumbnail","6":"product_cat-infusions","8":"first","9":"instock","10":"shipping-taxable","11":"purchasable","12":"product-type-simple"},"acf":[],"jetpack_sharing_enabled":true,"_links":{"self":[{"href":"https:\/\/beatinicaffe.com\/en\/wp-json\/wp\/v2\/product\/90","targetHints":{"allow":["GET"]}}],"collection":[{"href":"https:\/\/beatinicaffe.com\/en\/wp-json\/wp\/v2\/product"}],"about":[{"href":"https:\/\/beatinicaffe.com\/en\/wp-json\/wp\/v2\/types\/product"}],"replies":[{"embeddable":true,"href":"https:\/\/beatinicaffe.com\/en\/wp-json\/wp\/v2\/comments?post=90"}],"wp:featuredmedia":[{"embeddable":true,"href":"https:\/\/beatinicaffe.com\/en\/wp-json\/wp\/v2\/media\/91"}],"wp:attachment":[{"href":"https:\/\/beatinicaffe.com\/en\/wp-json\/wp\/v2\/media?parent=90"}],"wp:term":[{"taxonomy":"product_brand","embeddable":true,"href":"https:\/\/beatinicaffe.com\/en\/wp-json\/wp\/v2\/product_brand?post=90"},{"taxonomy":"product_cat","embeddable":true,"href":"https:\/\/beatinicaffe.com\/en\/wp-json\/wp\/v2\/product_cat?post=90"},{"taxonomy":"product_tag","embeddable":true,"href":"https:\/\/beatinicaffe.com\/en\/wp-json\/wp\/v2\/product_tag?post=90"}],"curies":[{"name":"wp","href":"https:\/\/api.w.org\/{rel}","templated":true}]}}