{"id":147,"date":"2026-04-18T06:44:22","date_gmt":"2026-04-18T06:44:22","guid":{"rendered":"https:\/\/beatinicaffe.com\/?post_type=product&#038;p=147"},"modified":"2026-04-18T08:27:37","modified_gmt":"2026-04-18T08:27:37","slug":"melange-royal","status":"publish","type":"product","link":"https:\/\/beatinicaffe.com\/en\/product\/melange-royal\/","title":{"rendered":"M\u00e9lange Royal"},"content":{"rendered":"<p>Un caf\u00e9 doux et gourmand, id\u00e9al pour bien commencer la journ\u00e9e<br \/>\nCe m\u00e9lange a \u00e9t\u00e9 con\u00e7u pour les amateurs de caf\u00e9s tout en douceur. Facile \u00e0 boire, sans amertume<br \/>\nmarqu\u00e9e, il offre une tasse \u00e9quilibr\u00e9e et chaleureuse, parfaite pour un r\u00e9veil tranquille. On y retrouve des<br \/>\nnotes chocolat\u00e9es et une l\u00e9g\u00e8re touche de fra\u00eecheur qui rendent ce caf\u00e9 agr\u00e9able du matin jusqu\u2019\u00e0 la fin<br \/>\nde la matin\u00e9e.<\/p>","protected":false},"excerpt":{"rendered":"<p>Notes aromatiques : Chocolat pain grille praline fruits rouges<\/p>","protected":false},"featured_media":151,"comment_status":"open","ping_status":"closed","template":"","meta":{"_acf_changed":false},"product_brand":[],"product_cat":[16],"product_tag":[],"class_list":{"0":"post-147","1":"product","2":"type-product","3":"status-publish","4":"has-post-thumbnail","6":"product_cat-blends","8":"first","9":"instock","10":"shipping-taxable","11":"purchasable","12":"product-type-variable"},"acf":[],"jetpack_sharing_enabled":true,"_links":{"self":[{"href":"https:\/\/beatinicaffe.com\/en\/wp-json\/wp\/v2\/product\/147","targetHints":{"allow":["GET"]}}],"collection":[{"href":"https:\/\/beatinicaffe.com\/en\/wp-json\/wp\/v2\/product"}],"about":[{"href":"https:\/\/beatinicaffe.com\/en\/wp-json\/wp\/v2\/types\/product"}],"replies":[{"embeddable":true,"href":"https:\/\/beatinicaffe.com\/en\/wp-json\/wp\/v2\/comments?post=147"}],"wp:featuredmedia":[{"embeddable":true,"href":"https:\/\/beatinicaffe.com\/en\/wp-json\/wp\/v2\/media\/151"}],"wp:attachment":[{"href":"https:\/\/beatinicaffe.com\/en\/wp-json\/wp\/v2\/media?parent=147"}],"wp:term":[{"taxonomy":"product_brand","embeddable":true,"href":"https:\/\/beatinicaffe.com\/en\/wp-json\/wp\/v2\/product_brand?post=147"},{"taxonomy":"product_cat","embeddable":true,"href":"https:\/\/beatinicaffe.com\/en\/wp-json\/wp\/v2\/product_cat?post=147"},{"taxonomy":"product_tag","embeddable":true,"href":"https:\/\/beatinicaffe.com\/en\/wp-json\/wp\/v2\/product_tag?post=147"}],"curies":[{"name":"wp","href":"https:\/\/api.w.org\/{rel}","templated":true}]}}