{"id":141,"date":"2026-04-18T06:13:18","date_gmt":"2026-04-18T06:13:18","guid":{"rendered":"https:\/\/beatinicaffe.com\/?post_type=product&#038;p=141"},"modified":"2026-04-18T06:13:18","modified_gmt":"2026-04-18T06:13:18","slug":"melange-tradition","status":"publish","type":"product","link":"https:\/\/beatinicaffe.com\/en\/product\/melange-tradition\/","title":{"rendered":"M\u00e9lange Tradition"},"content":{"rendered":"<p>Un caf\u00e9 de caract\u00e8re, pens\u00e9 pour bien d\u00e9marrer la journ\u00e9e.<br \/>\nCe m\u00e9lange Tradition associe la puissance du robusta cherry \u00e0 la rondeur d\u2019un arabica du Br\u00e9sil Mogiana,<br \/>\nrelev\u00e9 par une touche de Moka Djimmah aux notes naturellement chocolat\u00e9es.<br \/>\nEn tasse, on obtient un caf\u00e9 bien cors\u00e9, intense mais \u00e9quilibr\u00e9, avec une belle \u00e9nergie et une longueur en<br \/>\nbouche marqu\u00e9e.<br \/>\nRiche en caf\u00e9ine, il est id\u00e9al au petit-d\u00e9jeuner et parfaitement adapt\u00e9 \u00e0 l\u2019espresso.<br \/>\nUn caf\u00e9 authentique, sans d\u00e9tour, pour les amateurs de sensations franches.<\/p>","protected":false},"excerpt":{"rendered":"<p>Repertoire aromatique bois\u00e9 \u00e9pic\u00e9 chocolat<\/p>","protected":false},"featured_media":146,"comment_status":"open","ping_status":"closed","template":"","meta":{"_acf_changed":false},"product_brand":[],"product_cat":[16],"product_tag":[],"class_list":{"0":"post-141","1":"product","2":"type-product","3":"status-publish","4":"has-post-thumbnail","6":"product_cat-blends","8":"first","9":"instock","10":"shipping-taxable","11":"purchasable","12":"product-type-variable"},"acf":[],"jetpack_sharing_enabled":true,"_links":{"self":[{"href":"https:\/\/beatinicaffe.com\/en\/wp-json\/wp\/v2\/product\/141","targetHints":{"allow":["GET"]}}],"collection":[{"href":"https:\/\/beatinicaffe.com\/en\/wp-json\/wp\/v2\/product"}],"about":[{"href":"https:\/\/beatinicaffe.com\/en\/wp-json\/wp\/v2\/types\/product"}],"replies":[{"embeddable":true,"href":"https:\/\/beatinicaffe.com\/en\/wp-json\/wp\/v2\/comments?post=141"}],"wp:featuredmedia":[{"embeddable":true,"href":"https:\/\/beatinicaffe.com\/en\/wp-json\/wp\/v2\/media\/146"}],"wp:attachment":[{"href":"https:\/\/beatinicaffe.com\/en\/wp-json\/wp\/v2\/media?parent=141"}],"wp:term":[{"taxonomy":"product_brand","embeddable":true,"href":"https:\/\/beatinicaffe.com\/en\/wp-json\/wp\/v2\/product_brand?post=141"},{"taxonomy":"product_cat","embeddable":true,"href":"https:\/\/beatinicaffe.com\/en\/wp-json\/wp\/v2\/product_cat?post=141"},{"taxonomy":"product_tag","embeddable":true,"href":"https:\/\/beatinicaffe.com\/en\/wp-json\/wp\/v2\/product_tag?post=141"}],"curies":[{"name":"wp","href":"https:\/\/api.w.org\/{rel}","templated":true}]}}