{"id":118,"date":"2026-04-11T12:22:53","date_gmt":"2026-04-11T12:22:53","guid":{"rendered":"https:\/\/beatinicaffe.com\/?post_type=product&#038;p=118"},"modified":"2026-04-11T12:22:54","modified_gmt":"2026-04-11T12:22:54","slug":"sencha-fukuyu","status":"publish","type":"product","link":"https:\/\/beatinicaffe.com\/en\/product\/sencha-fukuyu\/","title":{"rendered":"Sencha Fukuyu"},"content":{"rendered":"<h1 class=\"hero-title-default\">Th\u00e9 du Japon &#8211; Sencha Fukuyu<\/h1>\n<div class=\"heading__subtitle mt-m\">\n<p>Les Sencha (th\u00e9s fa\u00e7onn\u00e9s en aiguilles aplaties apr\u00e8s un \u00e9tuvage \u00e0 la vapeur) sont tr\u00e8s appr\u00e9ci\u00e9s au Japon pour leur saveur rafra\u00eechissante. Cette r\u00e9colte d\u2019\u00e9t\u00e9 offre une tasse aux notes v\u00e9g\u00e9tales puissantes et \u00e0 l\u2019ar\u00f4me iod\u00e9 avec une l\u00e9g\u00e8re astringence. Parfait en accompagnement de fruits de mer et crustac\u00e9s, poisson cru et fromage de ch\u00e8vre frais.<\/p>\n<\/div>","protected":false},"excerpt":{"rendered":"<p>Th\u00e9 vert<\/p>","protected":false},"featured_media":120,"comment_status":"open","ping_status":"closed","template":"","meta":{"_acf_changed":false},"product_brand":[],"product_cat":[21],"product_tag":[],"class_list":{"0":"post-118","1":"product","2":"type-product","3":"status-publish","4":"has-post-thumbnail","6":"product_cat-green-tea","8":"first","9":"instock","10":"shipping-taxable","11":"purchasable","12":"product-type-simple"},"acf":[],"jetpack_sharing_enabled":true,"_links":{"self":[{"href":"https:\/\/beatinicaffe.com\/en\/wp-json\/wp\/v2\/product\/118","targetHints":{"allow":["GET"]}}],"collection":[{"href":"https:\/\/beatinicaffe.com\/en\/wp-json\/wp\/v2\/product"}],"about":[{"href":"https:\/\/beatinicaffe.com\/en\/wp-json\/wp\/v2\/types\/product"}],"replies":[{"embeddable":true,"href":"https:\/\/beatinicaffe.com\/en\/wp-json\/wp\/v2\/comments?post=118"}],"wp:featuredmedia":[{"embeddable":true,"href":"https:\/\/beatinicaffe.com\/en\/wp-json\/wp\/v2\/media\/120"}],"wp:attachment":[{"href":"https:\/\/beatinicaffe.com\/en\/wp-json\/wp\/v2\/media?parent=118"}],"wp:term":[{"taxonomy":"product_brand","embeddable":true,"href":"https:\/\/beatinicaffe.com\/en\/wp-json\/wp\/v2\/product_brand?post=118"},{"taxonomy":"product_cat","embeddable":true,"href":"https:\/\/beatinicaffe.com\/en\/wp-json\/wp\/v2\/product_cat?post=118"},{"taxonomy":"product_tag","embeddable":true,"href":"https:\/\/beatinicaffe.com\/en\/wp-json\/wp\/v2\/product_tag?post=118"}],"curies":[{"name":"wp","href":"https:\/\/api.w.org\/{rel}","templated":true}]}}