{"id":117,"date":"2026-04-11T12:22:40","date_gmt":"2026-04-11T12:22:40","guid":{"rendered":"https:\/\/beatinicaffe.com\/?post_type=product&#038;p=117"},"modified":"2026-04-11T12:22:41","modified_gmt":"2026-04-11T12:22:41","slug":"printemps-sur-le-lac","status":"publish","type":"product","link":"https:\/\/beatinicaffe.com\/en\/product\/printemps-sur-le-lac\/","title":{"rendered":"Printemps sur le Lac"},"content":{"rendered":"<h1 class=\"hero-title-default\">Th\u00e9 de Chine &#8211; Printemps sur le Lac<\/h1>\n<div class=\"heading__subtitle mt-m\">\n<p>Un th\u00e9 cultiv\u00e9 dans la province de Zhejiang, en bordure du lac Qian Dao qui est li\u00e9 \u00e0 son origine l\u00e9gendaire. Ses longues feuilles torsad\u00e9es donnent une infusion limpide au caract\u00e8re velout\u00e9, aux notes de l\u00e9gumes cuits de ch\u00e2taigne et de fleurs.<\/p>\n<\/div>","protected":false},"excerpt":{"rendered":"<p>Th\u00e9 vert<\/p>","protected":false},"featured_media":119,"comment_status":"open","ping_status":"closed","template":"","meta":{"_acf_changed":false},"product_brand":[],"product_cat":[21],"product_tag":[],"class_list":{"0":"post-117","1":"product","2":"type-product","3":"status-publish","4":"has-post-thumbnail","6":"product_cat-green-tea","8":"first","9":"instock","10":"shipping-taxable","11":"purchasable","12":"product-type-simple"},"acf":[],"jetpack_sharing_enabled":true,"_links":{"self":[{"href":"https:\/\/beatinicaffe.com\/en\/wp-json\/wp\/v2\/product\/117","targetHints":{"allow":["GET"]}}],"collection":[{"href":"https:\/\/beatinicaffe.com\/en\/wp-json\/wp\/v2\/product"}],"about":[{"href":"https:\/\/beatinicaffe.com\/en\/wp-json\/wp\/v2\/types\/product"}],"replies":[{"embeddable":true,"href":"https:\/\/beatinicaffe.com\/en\/wp-json\/wp\/v2\/comments?post=117"}],"wp:featuredmedia":[{"embeddable":true,"href":"https:\/\/beatinicaffe.com\/en\/wp-json\/wp\/v2\/media\/119"}],"wp:attachment":[{"href":"https:\/\/beatinicaffe.com\/en\/wp-json\/wp\/v2\/media?parent=117"}],"wp:term":[{"taxonomy":"product_brand","embeddable":true,"href":"https:\/\/beatinicaffe.com\/en\/wp-json\/wp\/v2\/product_brand?post=117"},{"taxonomy":"product_cat","embeddable":true,"href":"https:\/\/beatinicaffe.com\/en\/wp-json\/wp\/v2\/product_cat?post=117"},{"taxonomy":"product_tag","embeddable":true,"href":"https:\/\/beatinicaffe.com\/en\/wp-json\/wp\/v2\/product_tag?post=117"}],"curies":[{"name":"wp","href":"https:\/\/api.w.org\/{rel}","templated":true}]}}