{"id":116,"date":"2026-04-11T12:23:29","date_gmt":"2026-04-11T12:23:29","guid":{"rendered":"https:\/\/beatinicaffe.com\/?post_type=product&#038;p=116"},"modified":"2026-04-11T12:23:30","modified_gmt":"2026-04-11T12:23:30","slug":"bali-blanc","status":"publish","type":"product","link":"https:\/\/beatinicaffe.com\/en\/product\/bali-blanc\/","title":{"rendered":"Bali Blanc"},"content":{"rendered":"<h1 class=\"hero-title-default\">Th\u00e9 Blanc &#8211; Bali Blanc<\/h1>\n<div class=\"heading__subtitle mt-m\">\n<p>La fra\u00eecheur herbac\u00e9e du th\u00e9 blanc et la note fleurie du th\u00e9 vert au jasmin m\u00eal\u00e9es aux ar\u00f4mes d\u00e9licieusement fruit\u00e9s de litchi, pamplemousse, p\u00eache de vigne et une pointe de rose.<\/p>\n<\/div>","protected":false},"excerpt":{"rendered":"<p>Th\u00e9 blanc | Litchi, Pamplemousse, P\u00eache, Rose, Jasmin<\/p>","protected":false},"featured_media":122,"comment_status":"open","ping_status":"closed","template":"","meta":{"_acf_changed":false},"product_brand":[],"product_cat":[24],"product_tag":[],"class_list":{"0":"post-116","1":"product","2":"type-product","3":"status-publish","4":"has-post-thumbnail","6":"product_cat-white-tea","8":"first","9":"instock","10":"shipping-taxable","11":"purchasable","12":"product-type-simple"},"acf":[],"jetpack_sharing_enabled":true,"_links":{"self":[{"href":"https:\/\/beatinicaffe.com\/en\/wp-json\/wp\/v2\/product\/116","targetHints":{"allow":["GET"]}}],"collection":[{"href":"https:\/\/beatinicaffe.com\/en\/wp-json\/wp\/v2\/product"}],"about":[{"href":"https:\/\/beatinicaffe.com\/en\/wp-json\/wp\/v2\/types\/product"}],"replies":[{"embeddable":true,"href":"https:\/\/beatinicaffe.com\/en\/wp-json\/wp\/v2\/comments?post=116"}],"wp:featuredmedia":[{"embeddable":true,"href":"https:\/\/beatinicaffe.com\/en\/wp-json\/wp\/v2\/media\/122"}],"wp:attachment":[{"href":"https:\/\/beatinicaffe.com\/en\/wp-json\/wp\/v2\/media?parent=116"}],"wp:term":[{"taxonomy":"product_brand","embeddable":true,"href":"https:\/\/beatinicaffe.com\/en\/wp-json\/wp\/v2\/product_brand?post=116"},{"taxonomy":"product_cat","embeddable":true,"href":"https:\/\/beatinicaffe.com\/en\/wp-json\/wp\/v2\/product_cat?post=116"},{"taxonomy":"product_tag","embeddable":true,"href":"https:\/\/beatinicaffe.com\/en\/wp-json\/wp\/v2\/product_tag?post=116"}],"curies":[{"name":"wp","href":"https:\/\/api.w.org\/{rel}","templated":true}]}}