{"id":115,"date":"2026-04-11T12:22:59","date_gmt":"2026-04-11T12:22:59","guid":{"rendered":"https:\/\/beatinicaffe.com\/?post_type=product&#038;p=115"},"modified":"2026-04-11T12:22:59","modified_gmt":"2026-04-11T12:22:59","slug":"the-vert-a-la-menthe-aromatise","status":"publish","type":"product","link":"https:\/\/beatinicaffe.com\/en\/product\/the-vert-a-la-menthe-aromatise\/","title":{"rendered":"Th\u00e9 vert \u00e0 la menthe aromatis\u00e9"},"content":{"rendered":"<h1 class=\"hero-title-default\">Th\u00e9 vert &#8211; Th\u00e9 vert \u00e0 la menthe aromatis\u00e9<\/h1>\n<div class=\"heading__subtitle mt-m\">\n<p>Inspir\u00e9 de l\u2019incontournable th\u00e9 \u00e0 la menthe marocain, notre th\u00e9 vert \u00e0 la menthe aromatis\u00e9 allie en belles proportions, le th\u00e9 vert Gunpowder \u00e0 deux vari\u00e9t\u00e9s de feuilles de menthe afin de cr\u00e9er une parfaite synergie. La communion entre la d\u00e9licate menthe douce et la subtile fra\u00eecheur de la menthe poivr\u00e9e, toutes deux port\u00e9es par le th\u00e9, vous offrira une infusion puissante et rafra\u00eechissante. Selon la tradition, un th\u00e9 \u00e0 boire tr\u00e8s chaud et sucr\u00e9.<\/p>\n<\/div>","protected":false},"excerpt":{"rendered":"<p>Th\u00e9 vert | Menthe<\/p>","protected":false},"featured_media":121,"comment_status":"open","ping_status":"closed","template":"","meta":{"_acf_changed":false},"product_brand":[],"product_cat":[21],"product_tag":[],"class_list":{"0":"post-115","1":"product","2":"type-product","3":"status-publish","4":"has-post-thumbnail","6":"product_cat-green-tea","8":"first","9":"instock","10":"shipping-taxable","11":"purchasable","12":"product-type-simple"},"acf":[],"jetpack_sharing_enabled":true,"_links":{"self":[{"href":"https:\/\/beatinicaffe.com\/en\/wp-json\/wp\/v2\/product\/115","targetHints":{"allow":["GET"]}}],"collection":[{"href":"https:\/\/beatinicaffe.com\/en\/wp-json\/wp\/v2\/product"}],"about":[{"href":"https:\/\/beatinicaffe.com\/en\/wp-json\/wp\/v2\/types\/product"}],"replies":[{"embeddable":true,"href":"https:\/\/beatinicaffe.com\/en\/wp-json\/wp\/v2\/comments?post=115"}],"wp:featuredmedia":[{"embeddable":true,"href":"https:\/\/beatinicaffe.com\/en\/wp-json\/wp\/v2\/media\/121"}],"wp:attachment":[{"href":"https:\/\/beatinicaffe.com\/en\/wp-json\/wp\/v2\/media?parent=115"}],"wp:term":[{"taxonomy":"product_brand","embeddable":true,"href":"https:\/\/beatinicaffe.com\/en\/wp-json\/wp\/v2\/product_brand?post=115"},{"taxonomy":"product_cat","embeddable":true,"href":"https:\/\/beatinicaffe.com\/en\/wp-json\/wp\/v2\/product_cat?post=115"},{"taxonomy":"product_tag","embeddable":true,"href":"https:\/\/beatinicaffe.com\/en\/wp-json\/wp\/v2\/product_tag?post=115"}],"curies":[{"name":"wp","href":"https:\/\/api.w.org\/{rel}","templated":true}]}}