{"id":111,"date":"2026-04-11T12:00:51","date_gmt":"2026-04-11T12:00:51","guid":{"rendered":"https:\/\/beatinicaffe.com\/?post_type=product&#038;p=111"},"modified":"2026-04-11T12:04:50","modified_gmt":"2026-04-11T12:04:50","slug":"rooibos-citrus","status":"publish","type":"product","link":"https:\/\/beatinicaffe.com\/en\/product\/rooibos-citrus\/","title":{"rendered":"Rooibos Citrus"},"content":{"rendered":"<h1 class=\"hero-title-default\">Rooibos Citrus<\/h1>\n<div class=\"heading__subtitle mt-m\">\n<p>C\u2019est la rencontre du rooibos, plante d\u2019Afrique du Sud, avec la saveur acidul\u00e9e d\u2019un bouquet d\u2019agrumes. Une boisson tout \u00e0 la fois douce et vive, d\u00e9pourvue de toute th\u00e9ine elle est la boisson id\u00e9ale pour les enfants ou pour une consommation en fin de journ\u00e9e.<\/p>\n<\/div>","protected":false},"excerpt":{"rendered":"<p>Rooibos | Citron, Cl\u00e9mentine, Orange, Kola<\/p>","protected":false},"featured_media":114,"comment_status":"open","ping_status":"closed","template":"","meta":{"_acf_changed":false},"product_brand":[],"product_cat":[23],"product_tag":[],"class_list":{"0":"post-111","1":"product","2":"type-product","3":"status-publish","4":"has-post-thumbnail","6":"product_cat-rooibos","8":"first","9":"instock","10":"shipping-taxable","11":"purchasable","12":"product-type-simple"},"acf":[],"jetpack_sharing_enabled":true,"_links":{"self":[{"href":"https:\/\/beatinicaffe.com\/en\/wp-json\/wp\/v2\/product\/111","targetHints":{"allow":["GET"]}}],"collection":[{"href":"https:\/\/beatinicaffe.com\/en\/wp-json\/wp\/v2\/product"}],"about":[{"href":"https:\/\/beatinicaffe.com\/en\/wp-json\/wp\/v2\/types\/product"}],"replies":[{"embeddable":true,"href":"https:\/\/beatinicaffe.com\/en\/wp-json\/wp\/v2\/comments?post=111"}],"wp:featuredmedia":[{"embeddable":true,"href":"https:\/\/beatinicaffe.com\/en\/wp-json\/wp\/v2\/media\/114"}],"wp:attachment":[{"href":"https:\/\/beatinicaffe.com\/en\/wp-json\/wp\/v2\/media?parent=111"}],"wp:term":[{"taxonomy":"product_brand","embeddable":true,"href":"https:\/\/beatinicaffe.com\/en\/wp-json\/wp\/v2\/product_brand?post=111"},{"taxonomy":"product_cat","embeddable":true,"href":"https:\/\/beatinicaffe.com\/en\/wp-json\/wp\/v2\/product_cat?post=111"},{"taxonomy":"product_tag","embeddable":true,"href":"https:\/\/beatinicaffe.com\/en\/wp-json\/wp\/v2\/product_tag?post=111"}],"curies":[{"name":"wp","href":"https:\/\/api.w.org\/{rel}","templated":true}]}}