{"id":108,"date":"2026-04-11T12:00:43","date_gmt":"2026-04-11T12:00:43","guid":{"rendered":"https:\/\/beatinicaffe.com\/?post_type=product&#038;p=108"},"modified":"2026-04-11T12:05:01","modified_gmt":"2026-04-11T12:05:01","slug":"rooibos-oriental","status":"publish","type":"product","link":"https:\/\/beatinicaffe.com\/en\/product\/rooibos-oriental\/","title":{"rendered":"Rooibos Oriental"},"content":{"rendered":"<h1 class=\"hero-title-default\">Rooibos Oriental<\/h1>\n<div class=\"heading__subtitle mt-m\">\n<p>D\u00e9clinaison du bouquet de saveurs parfumant notre m\u00e9lange Oriental, ce rooibos aromatis\u00e9 associe \u00e0 la douceur du rooibos de d\u00e9licieux bouquet de parfums r\u00e9unissant : fruit de la passion, p\u00eache de vigne et fraise des bois.<\/p>\n<\/div>","protected":false},"excerpt":{"rendered":"<p>Rooibos | Fruit de la passion, P\u00eache, Fraise des bois<\/p>","protected":false},"featured_media":113,"comment_status":"open","ping_status":"closed","template":"","meta":{"_acf_changed":false},"product_brand":[],"product_cat":[23],"product_tag":[],"class_list":{"0":"post-108","1":"product","2":"type-product","3":"status-publish","4":"has-post-thumbnail","6":"product_cat-rooibos","8":"first","9":"instock","10":"shipping-taxable","11":"purchasable","12":"product-type-simple"},"acf":[],"jetpack_sharing_enabled":true,"_links":{"self":[{"href":"https:\/\/beatinicaffe.com\/en\/wp-json\/wp\/v2\/product\/108","targetHints":{"allow":["GET"]}}],"collection":[{"href":"https:\/\/beatinicaffe.com\/en\/wp-json\/wp\/v2\/product"}],"about":[{"href":"https:\/\/beatinicaffe.com\/en\/wp-json\/wp\/v2\/types\/product"}],"replies":[{"embeddable":true,"href":"https:\/\/beatinicaffe.com\/en\/wp-json\/wp\/v2\/comments?post=108"}],"wp:featuredmedia":[{"embeddable":true,"href":"https:\/\/beatinicaffe.com\/en\/wp-json\/wp\/v2\/media\/113"}],"wp:attachment":[{"href":"https:\/\/beatinicaffe.com\/en\/wp-json\/wp\/v2\/media?parent=108"}],"wp:term":[{"taxonomy":"product_brand","embeddable":true,"href":"https:\/\/beatinicaffe.com\/en\/wp-json\/wp\/v2\/product_brand?post=108"},{"taxonomy":"product_cat","embeddable":true,"href":"https:\/\/beatinicaffe.com\/en\/wp-json\/wp\/v2\/product_cat?post=108"},{"taxonomy":"product_tag","embeddable":true,"href":"https:\/\/beatinicaffe.com\/en\/wp-json\/wp\/v2\/product_tag?post=108"}],"curies":[{"name":"wp","href":"https:\/\/api.w.org\/{rel}","templated":true}]}}